{"id":80,"date":"2015-01-02T12:44:32","date_gmt":"2015-01-02T12:44:32","guid":{"rendered":"http:\/\/www.antongerksic.com\/?page_id=80"},"modified":"2015-01-06T11:43:42","modified_gmt":"2015-01-06T11:43:42","slug":"razstave","status":"publish","type":"page","link":"https:\/\/www.antongerksic.com\/?page_id=80","title":{"rendered":"Razstave"},"content":{"rendered":"<ul>\n<li>2014 &#8211;\u00a0Pregledna razstava likovnih del Antona Gerk\u0161i\u010da &#8211; Kulturni center Semi\u010d<\/li>\n<li>2010 do 2013 &#8211;\u00a0DLU Semi\u010d &#8211; likovne kolonije\u00a0 in razstave &#8220;Praznovanje jeseni&#8221;\u00a0v Kulturnem centru Semi\u010d<\/li>\n<li>2009 &#8211;\u00a0DLU Semi\u010d &#8211; likovna kolonija in razstava v Kulturnem centru Semi\u010d<\/li>\n<li>2005 &#8211;\u00a0DLU Semi\u010d &#8211;\u00a0likovna kolonija in razstava v Taborski hi\u0161i<\/li>\n<li>2004 &#8211; DLU Semi\u010d in Zveza likovnih dru\u0161tev Slovenije &#8211; &#8220;Jesen v sliki&#8221;<\/li>\n<li>2003 &#8211;\u00a0Naravna in kulturna dedi\u0161\u010dina &#8211; Trbovlje<\/li>\n<li>2002 &#8211; Samostojna razstava &#8220;Kako smo \u017eiveli&#8221; v galeriji Semi\u0161kega muzeja<\/li>\n<li>1999 &#8211; Krakarjevi dnevi Kulturni dom Semi\u010d &#8211; v okviru razstave DLU<\/li>\n<li>1997 &#8211; Krakarjevi dnevi Kulturni dom Semi\u010d &#8211; v okviru razstave DLU<\/li>\n<\/ul>\n","protected":false},"excerpt":{"rendered":"<p>2014 &#8211;\u00a0Pregledna razstava likovnih del Antona Gerk\u0161i\u010da &#8211; Kulturni center Semi\u010d 2010 do 2013 &#8211;\u00a0DLU Semi\u010d &#8211; likovne kolonije\u00a0 in razstave &#8220;Praznovanje jeseni&#8221;\u00a0v Kulturnem centru Semi\u010d 2009 &#8211;\u00a0DLU Semi\u010d &#8211; likovna kolonija in razstava v Kulturnem centru Semi\u010d 2005 &#8211;\u00a0DLU Semi\u010d &#8211;\u00a0likovna kolonija in razstava v Taborski hi\u0161i 2004 &#8211; DLU Semi\u010d in Zveza likovnih [&hellip;]<\/p>\n","protected":false},"author":1,"featured_media":0,"parent":0,"menu_order":3,"comment_status":"closed","ping_status":"closed","template":"","meta":{"ngg_post_thumbnail":0,"footnotes":""},"class_list":["post-80","page","type-page","status-publish","hentry"],"_links":{"self":[{"href":"https:\/\/www.antongerksic.com\/index.php?rest_route=\/wp\/v2\/pages\/80","targetHints":{"allow":["GET"]}}],"collection":[{"href":"https:\/\/www.antongerksic.com\/index.php?rest_route=\/wp\/v2\/pages"}],"about":[{"href":"https:\/\/www.antongerksic.com\/index.php?rest_route=\/wp\/v2\/types\/page"}],"author":[{"embeddable":true,"href":"https:\/\/www.antongerksic.com\/index.php?rest_route=\/wp\/v2\/users\/1"}],"replies":[{"embeddable":true,"href":"https:\/\/www.antongerksic.com\/index.php?rest_route=%2Fwp%2Fv2%2Fcomments&post=80"}],"version-history":[{"count":7,"href":"https:\/\/www.antongerksic.com\/index.php?rest_route=\/wp\/v2\/pages\/80\/revisions"}],"predecessor-version":[{"id":138,"href":"https:\/\/www.antongerksic.com\/index.php?rest_route=\/wp\/v2\/pages\/80\/revisions\/138"}],"wp:attachment":[{"href":"https:\/\/www.antongerksic.com\/index.php?rest_route=%2Fwp%2Fv2%2Fmedia&parent=80"}],"curies":[{"name":"wp","href":"https:\/\/api.w.org\/{rel}","templated":true}]}}