{"id":4,"date":"2015-01-02T11:26:20","date_gmt":"2015-01-02T11:26:20","guid":{"rendered":"http:\/\/www.antongerksic.com\/?page_id=4"},"modified":"2015-01-07T19:11:36","modified_gmt":"2015-01-07T19:11:36","slug":"new-page","status":"publish","type":"page","link":"https:\/\/www.antongerksic.com\/","title":{"rendered":"O avtorju"},"content":{"rendered":"<table border=\"0\" width=\"80%\">\n<tbody>\n<tr>\n<td><center><br \/>\n<img loading=\"lazy\" decoding=\"async\" class=\"alignnone size-medium wp-image-5\" src=\"http:\/\/www.antongerksic.com\/wp-content\/uploads\/2015\/01\/DSC_0007-2_DxO-300x199.jpg\" alt=\"DSC_0007 (2)_DxO\" width=\"300\" height=\"199\" srcset=\"https:\/\/www.antongerksic.com\/wp-content\/uploads\/2015\/01\/DSC_0007-2_DxO-300x199.jpg 300w, https:\/\/www.antongerksic.com\/wp-content\/uploads\/2015\/01\/DSC_0007-2_DxO-768x510.jpg 768w, https:\/\/www.antongerksic.com\/wp-content\/uploads\/2015\/01\/DSC_0007-2_DxO-690x458.jpg 690w, https:\/\/www.antongerksic.com\/wp-content\/uploads\/2015\/01\/DSC_0007-2_DxO-980x651.jpg 980w, https:\/\/www.antongerksic.com\/wp-content\/uploads\/2015\/01\/DSC_0007-2_DxO.jpg 1024w\" sizes=\"auto, (max-width: 300px) 100vw, 300px\" \/><\/center><\/td>\n<td style=\"text-align: left;\"><em>BELA KRAJINA<\/em><br \/>\n<em> (Anton Gerk\u0161i\u010d)<\/em><\/p>\n<p style=\"text-align: left;\"><em>Spomin na resnico, lepoto in navdih,<\/em><br \/>\n<em> Bela krajina.<\/em><br \/>\n<em> Obdana z vrhovi, valovito za Gorjanci skrita.<\/em><br \/>\n<em> Lepotica.<\/em><br \/>\n<em> De\u017eela srca, toplih ognji\u0161\u010d, cveto\u010dih vrtov,<\/em><br \/>\n<em> doma\u010dih grobov, vinskih gri\u010dev, pojo\u010dih pti\u010dev.<\/em><br \/>\n<em> Bistrih voda, lepih deklet.<\/em><br \/>\n<em> Pesmi in smeha, zgaranih rok, rde\u010deli\u010dnih otrok.<\/em><br \/>\n<em> Stoletnih rodov, ponosnih kmetov, \u017euljavih rok.<\/em><br \/>\n<em> Prevzame te vsa,<\/em><br \/>\n<em> de\u017eelica ta!<\/em><br \/>\n<em> V tebe se stisne, ljubezen ti da!<\/em><br \/>\n<em> Objema jo Kolpa, ji ne\u017eno \u0161umlja.<\/em><br \/>\n<em> V ve\u010derih se pesem sli\u0161i z gora.<\/em><br \/>\n<em> Ponos v ljudeh,<\/em><br \/>\n<em> trpek nasmeh.<\/em><br \/>\n<em> Garanje, delo, ljubezen in hvaljenje boga,<\/em><br \/>\n<em> to na\u0161a je de\u017eelica &#8211; Bela krajina.<\/em><\/p>\n<p>&nbsp;<\/td>\n<\/tr>\n<\/tbody>\n<\/table>\n<p>Rodil sem se 1945 v Dolnjem Suhorju\u00a0 pri Metliki. Otro\u0161tvo, pre\u017eiveto v moji majhni belokranjski\u00a0vasici mi je pustilo veliko lepih spominov na mojo dru\u017eino, na kme\u010dko \u017eivljenje, delo in navade ljudi.<\/p>\n<p>Po kon\u010danem \u0161olanju sem se kot izobra\u017eenec tehni\u010dne stroke zaposlil v Iskri &#8211; Tovarni kondenzatorjev Semi\u010d in si tu, v Semi\u010du ustvaril dom in dru\u017eino. Barve, \u010dopi\u010d in platno pa\u00a0 so bili moja sprostitev, saj sem slikarstvo do\u017eivljal kot svojo notranjo izpoved.<\/p>\n<p>Po upokojitvi sem se za\u010del intenzivno ukvarjati s slikanjem. Z oljnimi barvami in \u010dopi\u010dem sku\u0161am izraziti svoje spomine, \u010dustva\u00a0 in zaznavanje okolice in jih prenesti na platno. Moje slike ve\u010dinoma predstavljajo \u010das in \u017eivljenje na vasi, ki je \u017ee minilo, ali pa nevzdr\u017eno izginja iz na\u0161ega pode\u017eelja v pozabo. Motivi\u00a0 iz kme\u010dkega \u017eivljenja naj bi ostali kot kulturna dedi\u0161\u010dina iz na\u0161e preteklosti. Rad pa slikam tudi pokrajino, tiho\u017eitja, ro\u017ee, ob\u010dasno pa tudi abstraktno &#8211; moderna dela.<\/p>\n<p>Sem soustanovitelj in \u010dlan\u00a0 Dru\u0161tva likovnih ustvarjalcev\u00a0&#8211; DLU &#8211; Semi\u010d, ki uspe\u0161no deluje\u00a0 v na\u0161em kraju, organizira in pripravlja likovne kolonije in razstave, na katerih tudi sodelujem.<\/p>\n<p>Sodeloval sem na razstavi Zveze likovnih dru\u0161tev Slovenije v Trbovljah 2003 na temo Naravna in kulturna dedi\u0161\u010dina in prejel priznanje za sliko\u00a0 Pre\u0161anje mo\u0161ta\u00a0 (olje na platnu).<\/p>\n","protected":false},"excerpt":{"rendered":"<p>BELA KRAJINA (Anton Gerk\u0161i\u010d) Spomin na resnico, lepoto in navdih, Bela krajina. Obdana z vrhovi, valovito za Gorjanci skrita. Lepotica. De\u017eela srca, toplih ognji\u0161\u010d, cveto\u010dih vrtov, doma\u010dih grobov, vinskih gri\u010dev, pojo\u010dih pti\u010dev. Bistrih voda, lepih deklet. Pesmi in smeha, zgaranih rok, rde\u010deli\u010dnih otrok. Stoletnih rodov, ponosnih kmetov, \u017euljavih rok. Prevzame te vsa, de\u017eelica ta! V [&hellip;]<\/p>\n","protected":false},"author":1,"featured_media":5,"parent":0,"menu_order":1,"comment_status":"closed","ping_status":"closed","template":"","meta":{"ngg_post_thumbnail":0,"footnotes":""},"class_list":["post-4","page","type-page","status-publish","has-post-thumbnail","hentry"],"_links":{"self":[{"href":"https:\/\/www.antongerksic.com\/index.php?rest_route=\/wp\/v2\/pages\/4","targetHints":{"allow":["GET"]}}],"collection":[{"href":"https:\/\/www.antongerksic.com\/index.php?rest_route=\/wp\/v2\/pages"}],"about":[{"href":"https:\/\/www.antongerksic.com\/index.php?rest_route=\/wp\/v2\/types\/page"}],"author":[{"embeddable":true,"href":"https:\/\/www.antongerksic.com\/index.php?rest_route=\/wp\/v2\/users\/1"}],"replies":[{"embeddable":true,"href":"https:\/\/www.antongerksic.com\/index.php?rest_route=%2Fwp%2Fv2%2Fcomments&post=4"}],"version-history":[{"count":41,"href":"https:\/\/www.antongerksic.com\/index.php?rest_route=\/wp\/v2\/pages\/4\/revisions"}],"predecessor-version":[{"id":146,"href":"https:\/\/www.antongerksic.com\/index.php?rest_route=\/wp\/v2\/pages\/4\/revisions\/146"}],"wp:featuredmedia":[{"embeddable":true,"href":"https:\/\/www.antongerksic.com\/index.php?rest_route=\/wp\/v2\/media\/5"}],"wp:attachment":[{"href":"https:\/\/www.antongerksic.com\/index.php?rest_route=%2Fwp%2Fv2%2Fmedia&parent=4"}],"curies":[{"name":"wp","href":"https:\/\/api.w.org\/{rel}","templated":true}]}}